{"id":476,"date":"2024-03-10T00:06:26","date_gmt":"2024-03-10T00:06:26","guid":{"rendered":"https:\/\/xn--diseodigital-dhb.cl\/sintegracom\/?post_type=product&#038;p=476"},"modified":"2024-03-10T00:06:40","modified_gmt":"2024-03-10T00:06:40","slug":"panel-flecha-led-con-estandar-mop-con-autolevante-electrico-copia","status":"publish","type":"product","link":"https:\/\/xn--diseodigital-dhb.cl\/sintegracom\/producto\/panel-flecha-led-con-estandar-mop-con-autolevante-electrico-copia\/","title":{"rendered":"Panel Flecha Led con est\u00e1ndar \u201cMOP\u201d con Autolevante El\u00e9ctrico (copia)"},"content":{"rendered":"<p><strong>Panel flecha con estadar MOP es utilizado en instalaciones m\u00f3viles y\/o fijas en caminos, avenidas y carreteras para segregaci\u00f3n por trabajos en la v\u00eda, emergencias en la ruta, corte de caminos, prevenci\u00f3n de accidentes u otras medidas de acuerdo al criterio de la entidad que lo utiliza.<\/strong><\/p>\n<table>\n<tbody>\n<tr>\n<td width=\"160\"><strong>Material :<\/strong><\/td>\n<td width=\"428\">Aluminio<\/td>\n<\/tr>\n<tr>\n<td width=\"160\"><strong>Tipos de panel :<\/strong><\/td>\n<td width=\"428\">Panel fijo, con sistema autolevante y con carga solar<\/td>\n<\/tr>\n<tr>\n<td width=\"160\"><strong>Tipo de luz :<\/strong><\/td>\n<td width=\"428\">LED alto brillo color \u00e1mbar<\/td>\n<\/tr>\n<tr>\n<td width=\"160\"><strong>Peso :<\/strong><\/td>\n<td width=\"428\">22,58 KG aprox.<\/td>\n<\/tr>\n<tr>\n<td width=\"160\"><strong>Medidas :<\/strong><\/td>\n<td width=\"428\">1100*750*45 mm<\/td>\n<\/tr>\n<tr>\n<td width=\"160\"><strong>Voltaje :<\/strong><\/td>\n<td width=\"428\">12V<\/td>\n<\/tr>\n<tr>\n<td width=\"160\"><strong>Destellos ON :<\/strong><\/td>\n<td width=\"428\">30 destellos por min.<\/td>\n<\/tr>\n<tr>\n<td width=\"160\"><strong>Destellos OFF :<\/strong><\/td>\n<td width=\"428\">30 destellos por min.<\/td>\n<\/tr>\n<tr>\n<td width=\"160\"><strong>Encendido y control :<\/strong><\/td>\n<td width=\"428\">Interior del veh\u00edculo<\/td>\n<\/tr>\n<tr>\n<td width=\"160\"><strong>\u00cdndice de resistencia :<\/strong><\/td>\n<td width=\"428\">IP65<\/td>\n<\/tr>\n<tr>\n<td width=\"160\"><strong>\u00cdndice de resistencia :<\/strong><\/td>\n<td width=\"428\">IP65<\/td>\n<\/tr>\n<tr>\n<td width=\"160\"><strong>Garant\u00eda :<\/strong><\/td>\n<td width=\"428\">1 a\u00f1o<\/td>\n<\/tr>\n<tr>\n<td width=\"160\"><strong>Normativa :<\/strong><\/td>\n<td width=\"428\">Panel flecha de acuerdo a normativa MOP<\/td>\n<\/tr>\n<\/tbody>\n<\/table>\n<p>&nbsp;<\/p>\n<h3><strong>Todo panel flecha led contiene controlador con 5 funciones<\/strong><\/h3>\n<ul>\n<li>Flecha izquierda<\/li>\n<li>Flecha derecha<\/li>\n<li>Doble fecha<\/li>\n<li>L\u00ednea horizontal<\/li>\n<li>4 puntos.<\/li>\n<\/ul>\n<h3>Recomendaci\u00f3n de uso<\/h3>\n<p>Se sugiere instalar en veh\u00edculos tipo de<br \/>\nemergencias, de desv\u00edos, de apoyo en rutas<br \/>\nde alto tr\u00e1fico vehicular.<\/p>\n","protected":false},"excerpt":{"rendered":"<p>\u25ba 12V<br \/>\n\u25ba LED alto brillo color \u00e1mbar<br \/>\n\u25ba IP65<br \/>\n\u25ba Panel fijo, con sistema autoelevante y con carga solar<br \/>\n\u25ba 1 a\u00f1o de garant\u00eda<\/p>\n","protected":false},"featured_media":435,"template":"","meta":[],"product_brand":[],"product_cat":[15],"product_tag":[],"class_list":{"0":"post-476","1":"product","2":"type-product","3":"status-publish","4":"has-post-thumbnail","6":"product_cat-sin-categorizar","8":"first","9":"instock","10":"shipping-taxable","11":"product-type-simple"},"yoast_head":"<!-- This site is optimized with the Yoast SEO plugin v26.0 - https:\/\/yoast.com\/wordpress\/plugins\/seo\/ -->\n<title>Panel Flecha Led con est\u00e1ndar \u201cMOP\u201d con Autolevante El\u00e9ctrico (copia) - Sintegracom<\/title>\n<meta name=\"robots\" content=\"index, follow, max-snippet:-1, max-image-preview:large, max-video-preview:-1\" \/>\n<link rel=\"canonical\" href=\"https:\/\/xn--diseodigital-dhb.cl\/sintegracom\/producto\/panel-flecha-led-con-estandar-mop-con-autolevante-electrico-copia\/\" \/>\n<meta property=\"og:locale\" content=\"es_ES\" \/>\n<meta property=\"og:type\" content=\"article\" \/>\n<meta property=\"og:title\" content=\"Panel Flecha Led con est\u00e1ndar \u201cMOP\u201d con Autolevante El\u00e9ctrico (copia) - Sintegracom\" \/>\n<meta property=\"og:description\" content=\"\u25ba 12V \u25ba LED alto brillo color \u00e1mbar \u25ba IP65 \u25ba Panel fijo, con sistema autoelevante y con carga solar \u25ba 1 a\u00f1o de garant\u00eda\" \/>\n<meta property=\"og:url\" content=\"https:\/\/xn--diseodigital-dhb.cl\/sintegracom\/producto\/panel-flecha-led-con-estandar-mop-con-autolevante-electrico-copia\/\" \/>\n<meta property=\"og:site_name\" content=\"Sintegracom\" \/>\n<meta property=\"article:modified_time\" content=\"2024-03-10T00:06:40+00:00\" \/>\n<meta property=\"og:image\" content=\"https:\/\/xn--diseodigital-dhb.cl\/sintegracom\/wp-content\/uploads\/2024\/03\/Panel-Flecha-Led-Con-Estandar-Mop-01.jpg\" \/>\n\t<meta property=\"og:image:width\" content=\"774\" \/>\n\t<meta property=\"og:image:height\" content=\"735\" \/>\n\t<meta property=\"og:image:type\" content=\"image\/jpeg\" \/>\n<meta name=\"twitter:card\" content=\"summary_large_image\" \/>\n<meta name=\"twitter:label1\" content=\"Tiempo de lectura\" \/>\n\t<meta name=\"twitter:data1\" content=\"1 minuto\" \/>\n<script type=\"application\/ld+json\" class=\"yoast-schema-graph\">{\"@context\":\"https:\/\/schema.org\",\"@graph\":[{\"@type\":\"WebPage\",\"@id\":\"https:\/\/xn--diseodigital-dhb.cl\/sintegracom\/producto\/panel-flecha-led-con-estandar-mop-con-autolevante-electrico-copia\/\",\"url\":\"https:\/\/xn--diseodigital-dhb.cl\/sintegracom\/producto\/panel-flecha-led-con-estandar-mop-con-autolevante-electrico-copia\/\",\"name\":\"Panel Flecha Led con est\u00e1ndar \u201cMOP\u201d con Autolevante El\u00e9ctrico (copia) - Sintegracom\",\"isPartOf\":{\"@id\":\"https:\/\/xn--diseodigital-dhb.cl\/sintegracom\/#website\"},\"primaryImageOfPage\":{\"@id\":\"https:\/\/xn--diseodigital-dhb.cl\/sintegracom\/producto\/panel-flecha-led-con-estandar-mop-con-autolevante-electrico-copia\/#primaryimage\"},\"image\":{\"@id\":\"https:\/\/xn--diseodigital-dhb.cl\/sintegracom\/producto\/panel-flecha-led-con-estandar-mop-con-autolevante-electrico-copia\/#primaryimage\"},\"thumbnailUrl\":\"https:\/\/xn--diseodigital-dhb.cl\/sintegracom\/wp-content\/uploads\/2024\/03\/Panel-Flecha-Led-Con-Estandar-Mop-01.jpg\",\"datePublished\":\"2024-03-10T00:06:26+00:00\",\"dateModified\":\"2024-03-10T00:06:40+00:00\",\"breadcrumb\":{\"@id\":\"https:\/\/xn--diseodigital-dhb.cl\/sintegracom\/producto\/panel-flecha-led-con-estandar-mop-con-autolevante-electrico-copia\/#breadcrumb\"},\"inLanguage\":\"es\",\"potentialAction\":[{\"@type\":\"ReadAction\",\"target\":[\"https:\/\/xn--diseodigital-dhb.cl\/sintegracom\/producto\/panel-flecha-led-con-estandar-mop-con-autolevante-electrico-copia\/\"]}]},{\"@type\":\"ImageObject\",\"inLanguage\":\"es\",\"@id\":\"https:\/\/xn--diseodigital-dhb.cl\/sintegracom\/producto\/panel-flecha-led-con-estandar-mop-con-autolevante-electrico-copia\/#primaryimage\",\"url\":\"https:\/\/xn--diseodigital-dhb.cl\/sintegracom\/wp-content\/uploads\/2024\/03\/Panel-Flecha-Led-Con-Estandar-Mop-01.jpg\",\"contentUrl\":\"https:\/\/xn--diseodigital-dhb.cl\/sintegracom\/wp-content\/uploads\/2024\/03\/Panel-Flecha-Led-Con-Estandar-Mop-01.jpg\",\"width\":774,\"height\":735},{\"@type\":\"BreadcrumbList\",\"@id\":\"https:\/\/xn--diseodigital-dhb.cl\/sintegracom\/producto\/panel-flecha-led-con-estandar-mop-con-autolevante-electrico-copia\/#breadcrumb\",\"itemListElement\":[{\"@type\":\"ListItem\",\"position\":1,\"name\":\"Portada\",\"item\":\"https:\/\/xn--diseodigital-dhb.cl\/sintegracom\/\"},{\"@type\":\"ListItem\",\"position\":2,\"name\":\"Tienda\",\"item\":\"https:\/\/xn--diseodigital-dhb.cl\/sintegracom\/tienda\/\"},{\"@type\":\"ListItem\",\"position\":3,\"name\":\"Panel Flecha Led con est\u00e1ndar \u201cMOP\u201d con Autolevante El\u00e9ctrico (copia)\"}]},{\"@type\":\"WebSite\",\"@id\":\"https:\/\/xn--diseodigital-dhb.cl\/sintegracom\/#website\",\"url\":\"https:\/\/xn--diseodigital-dhb.cl\/sintegracom\/\",\"name\":\"Sintegracom\",\"description\":\"\",\"publisher\":{\"@id\":\"https:\/\/xn--diseodigital-dhb.cl\/sintegracom\/#organization\"},\"potentialAction\":[{\"@type\":\"SearchAction\",\"target\":{\"@type\":\"EntryPoint\",\"urlTemplate\":\"https:\/\/xn--diseodigital-dhb.cl\/sintegracom\/?s={search_term_string}\"},\"query-input\":{\"@type\":\"PropertyValueSpecification\",\"valueRequired\":true,\"valueName\":\"search_term_string\"}}],\"inLanguage\":\"es\"},{\"@type\":\"Organization\",\"@id\":\"https:\/\/xn--diseodigital-dhb.cl\/sintegracom\/#organization\",\"name\":\"Sintegracom\",\"url\":\"https:\/\/xn--diseodigital-dhb.cl\/sintegracom\/\",\"logo\":{\"@type\":\"ImageObject\",\"inLanguage\":\"es\",\"@id\":\"https:\/\/xn--diseodigital-dhb.cl\/sintegracom\/#\/schema\/logo\/image\/\",\"url\":\"https:\/\/xn--diseodigital-dhb.cl\/sintegracom\/wp-content\/uploads\/2024\/03\/logo-con-Tilde.png\",\"contentUrl\":\"https:\/\/xn--diseodigital-dhb.cl\/sintegracom\/wp-content\/uploads\/2024\/03\/logo-con-Tilde.png\",\"width\":2316,\"height\":586,\"caption\":\"Sintegracom\"},\"image\":{\"@id\":\"https:\/\/xn--diseodigital-dhb.cl\/sintegracom\/#\/schema\/logo\/image\/\"}}]}<\/script>\n<!-- \/ Yoast SEO plugin. -->","yoast_head_json":{"title":"Panel Flecha Led con est\u00e1ndar \u201cMOP\u201d con Autolevante El\u00e9ctrico (copia) - Sintegracom","robots":{"index":"index","follow":"follow","max-snippet":"max-snippet:-1","max-image-preview":"max-image-preview:large","max-video-preview":"max-video-preview:-1"},"canonical":"https:\/\/xn--diseodigital-dhb.cl\/sintegracom\/producto\/panel-flecha-led-con-estandar-mop-con-autolevante-electrico-copia\/","og_locale":"es_ES","og_type":"article","og_title":"Panel Flecha Led con est\u00e1ndar \u201cMOP\u201d con Autolevante El\u00e9ctrico (copia) - Sintegracom","og_description":"\u25ba 12V \u25ba LED alto brillo color \u00e1mbar \u25ba IP65 \u25ba Panel fijo, con sistema autoelevante y con carga solar \u25ba 1 a\u00f1o de garant\u00eda","og_url":"https:\/\/xn--diseodigital-dhb.cl\/sintegracom\/producto\/panel-flecha-led-con-estandar-mop-con-autolevante-electrico-copia\/","og_site_name":"Sintegracom","article_modified_time":"2024-03-10T00:06:40+00:00","og_image":[{"width":774,"height":735,"url":"https:\/\/xn--diseodigital-dhb.cl\/sintegracom\/wp-content\/uploads\/2024\/03\/Panel-Flecha-Led-Con-Estandar-Mop-01.jpg","type":"image\/jpeg"}],"twitter_card":"summary_large_image","twitter_misc":{"Tiempo de lectura":"1 minuto"},"schema":{"@context":"https:\/\/schema.org","@graph":[{"@type":"WebPage","@id":"https:\/\/xn--diseodigital-dhb.cl\/sintegracom\/producto\/panel-flecha-led-con-estandar-mop-con-autolevante-electrico-copia\/","url":"https:\/\/xn--diseodigital-dhb.cl\/sintegracom\/producto\/panel-flecha-led-con-estandar-mop-con-autolevante-electrico-copia\/","name":"Panel Flecha Led con est\u00e1ndar \u201cMOP\u201d con Autolevante El\u00e9ctrico (copia) - Sintegracom","isPartOf":{"@id":"https:\/\/xn--diseodigital-dhb.cl\/sintegracom\/#website"},"primaryImageOfPage":{"@id":"https:\/\/xn--diseodigital-dhb.cl\/sintegracom\/producto\/panel-flecha-led-con-estandar-mop-con-autolevante-electrico-copia\/#primaryimage"},"image":{"@id":"https:\/\/xn--diseodigital-dhb.cl\/sintegracom\/producto\/panel-flecha-led-con-estandar-mop-con-autolevante-electrico-copia\/#primaryimage"},"thumbnailUrl":"https:\/\/xn--diseodigital-dhb.cl\/sintegracom\/wp-content\/uploads\/2024\/03\/Panel-Flecha-Led-Con-Estandar-Mop-01.jpg","datePublished":"2024-03-10T00:06:26+00:00","dateModified":"2024-03-10T00:06:40+00:00","breadcrumb":{"@id":"https:\/\/xn--diseodigital-dhb.cl\/sintegracom\/producto\/panel-flecha-led-con-estandar-mop-con-autolevante-electrico-copia\/#breadcrumb"},"inLanguage":"es","potentialAction":[{"@type":"ReadAction","target":["https:\/\/xn--diseodigital-dhb.cl\/sintegracom\/producto\/panel-flecha-led-con-estandar-mop-con-autolevante-electrico-copia\/"]}]},{"@type":"ImageObject","inLanguage":"es","@id":"https:\/\/xn--diseodigital-dhb.cl\/sintegracom\/producto\/panel-flecha-led-con-estandar-mop-con-autolevante-electrico-copia\/#primaryimage","url":"https:\/\/xn--diseodigital-dhb.cl\/sintegracom\/wp-content\/uploads\/2024\/03\/Panel-Flecha-Led-Con-Estandar-Mop-01.jpg","contentUrl":"https:\/\/xn--diseodigital-dhb.cl\/sintegracom\/wp-content\/uploads\/2024\/03\/Panel-Flecha-Led-Con-Estandar-Mop-01.jpg","width":774,"height":735},{"@type":"BreadcrumbList","@id":"https:\/\/xn--diseodigital-dhb.cl\/sintegracom\/producto\/panel-flecha-led-con-estandar-mop-con-autolevante-electrico-copia\/#breadcrumb","itemListElement":[{"@type":"ListItem","position":1,"name":"Portada","item":"https:\/\/xn--diseodigital-dhb.cl\/sintegracom\/"},{"@type":"ListItem","position":2,"name":"Tienda","item":"https:\/\/xn--diseodigital-dhb.cl\/sintegracom\/tienda\/"},{"@type":"ListItem","position":3,"name":"Panel Flecha Led con est\u00e1ndar \u201cMOP\u201d con Autolevante El\u00e9ctrico (copia)"}]},{"@type":"WebSite","@id":"https:\/\/xn--diseodigital-dhb.cl\/sintegracom\/#website","url":"https:\/\/xn--diseodigital-dhb.cl\/sintegracom\/","name":"Sintegracom","description":"","publisher":{"@id":"https:\/\/xn--diseodigital-dhb.cl\/sintegracom\/#organization"},"potentialAction":[{"@type":"SearchAction","target":{"@type":"EntryPoint","urlTemplate":"https:\/\/xn--diseodigital-dhb.cl\/sintegracom\/?s={search_term_string}"},"query-input":{"@type":"PropertyValueSpecification","valueRequired":true,"valueName":"search_term_string"}}],"inLanguage":"es"},{"@type":"Organization","@id":"https:\/\/xn--diseodigital-dhb.cl\/sintegracom\/#organization","name":"Sintegracom","url":"https:\/\/xn--diseodigital-dhb.cl\/sintegracom\/","logo":{"@type":"ImageObject","inLanguage":"es","@id":"https:\/\/xn--diseodigital-dhb.cl\/sintegracom\/#\/schema\/logo\/image\/","url":"https:\/\/xn--diseodigital-dhb.cl\/sintegracom\/wp-content\/uploads\/2024\/03\/logo-con-Tilde.png","contentUrl":"https:\/\/xn--diseodigital-dhb.cl\/sintegracom\/wp-content\/uploads\/2024\/03\/logo-con-Tilde.png","width":2316,"height":586,"caption":"Sintegracom"},"image":{"@id":"https:\/\/xn--diseodigital-dhb.cl\/sintegracom\/#\/schema\/logo\/image\/"}}]}},"_links":{"self":[{"href":"https:\/\/xn--diseodigital-dhb.cl\/sintegracom\/wp-json\/wp\/v2\/product\/476","targetHints":{"allow":["GET"]}}],"collection":[{"href":"https:\/\/xn--diseodigital-dhb.cl\/sintegracom\/wp-json\/wp\/v2\/product"}],"about":[{"href":"https:\/\/xn--diseodigital-dhb.cl\/sintegracom\/wp-json\/wp\/v2\/types\/product"}],"version-history":[{"count":1,"href":"https:\/\/xn--diseodigital-dhb.cl\/sintegracom\/wp-json\/wp\/v2\/product\/476\/revisions"}],"predecessor-version":[{"id":477,"href":"https:\/\/xn--diseodigital-dhb.cl\/sintegracom\/wp-json\/wp\/v2\/product\/476\/revisions\/477"}],"wp:featuredmedia":[{"embeddable":true,"href":"https:\/\/xn--diseodigital-dhb.cl\/sintegracom\/wp-json\/wp\/v2\/media\/435"}],"wp:attachment":[{"href":"https:\/\/xn--diseodigital-dhb.cl\/sintegracom\/wp-json\/wp\/v2\/media?parent=476"}],"wp:term":[{"taxonomy":"product_brand","embeddable":true,"href":"https:\/\/xn--diseodigital-dhb.cl\/sintegracom\/wp-json\/wp\/v2\/product_brand?post=476"},{"taxonomy":"product_cat","embeddable":true,"href":"https:\/\/xn--diseodigital-dhb.cl\/sintegracom\/wp-json\/wp\/v2\/product_cat?post=476"},{"taxonomy":"product_tag","embeddable":true,"href":"https:\/\/xn--diseodigital-dhb.cl\/sintegracom\/wp-json\/wp\/v2\/product_tag?post=476"}],"curies":[{"name":"wp","href":"https:\/\/api.w.org\/{rel}","templated":true}]}}